{"id":1615,"date":"2021-08-03T17:47:35","date_gmt":"2021-08-03T22:47:35","guid":{"rendered":"http:\/\/inlac-org-co.us.stackstaging.com\/web\/?post_type=product&#038;p=1615"},"modified":"2021-08-03T21:13:57","modified_gmt":"2021-08-04T02:13:57","slug":"formacion-auditor-interno-lider-en-sistemas-de-gestion-integral-hseq","status":"publish","type":"product","link":"https:\/\/www.inlac.org.co\/web\/product\/formacion-auditor-interno-lider-en-sistemas-de-gestion-integral-hseq\/","title":{"rendered":"FORMACI\u00d3N AUDITOR INTERNO L\u00cdDER EN SISTEMAS DE GESTI\u00d3N INTEGRAL HSEQ ISO-9001:2015, ISO 14001:2015 E ISO 45001:2018"},"content":{"rendered":"<p>DURACION 28 HORAS<\/p>\n<p>US $ 135 (TRM) + IMPUESTOS por persona<\/p>\n<p>Incluye normas, acceso a material did\u00e1ctico y talleres y certificaci\u00f3n de auditor interno ISO 9001:2015, ISO 14001:2015 e ISO 45001:2018, entregada por INLAC, Organismo Liaison Member de comit\u00e9s t\u00e9cnicos ISO<\/p>\n<p>Fecha: Agosto 9<\/p>\n<p>05:30 p.m. a 9:30 p.m. (hora Colombiana): 28 HORAS en modalidad virtual, en sesiones de 4 horas.<br \/>\nSesiones Lunes, Mi\u00e9rcoles y Viernes.<\/p>\n<p>OBJETIVOS:<\/p>\n<p>\u00b7 Generar competencias para participar en el dise\u00f1o e implementaci\u00f3n de Sistemas Integrados de Gesti\u00f3n, y conocimiento e interpretaci\u00f3n de los requisitos de las normas ISO 9001-ISO 14001:2015 e ISO 45001: 2018.<\/p>\n<p>\u00b7 Desarrollar habilidades para auditor\u00edas internas de sistemas de gesti\u00f3n o combinadas, a dos o m\u00e1s Sistemas de Gesti\u00f3n (Calidad, Ambiental Seguridad &amp; Salud en el Trabajo), optimizando tiempos y recursos.<\/p>\n<p>\u00b7 Desarrollar habilidades para participaci\u00f3n en equipos de auditor\u00edas de sistemas de gesti\u00f3n basados en la norma 19011 de auditor\u00edas<\/p>\n<p>\u00b7 Conocer los conceptos gen\u00e9ricos de las auditor\u00edas internas remotas<\/p>\n<p>\u00b7 Entregar informaci\u00f3n veraz, oportuna y actualizada sobre a la actualizaci\u00f3n de las normas ISO de la serie 9000, 14000, 45000 y de sistemas de gesti\u00f3n espec\u00edficos para sectores.<\/p>\n","protected":false},"excerpt":{"rendered":"<p>DURACION 28 HORAS US $ 135 (TRM) + IMPUESTOS por persona Incluye normas, acceso a material did\u00e1ctico y talleres y certificaci\u00f3n de auditor interno ISO 9001:2015, ISO 14001:2015 e ISO 45001:2018, entregada por INLAC, Organismo Liaison Member de comit\u00e9s t\u00e9cnicos ISO Fecha: Agosto 9 05:30 p.m. a 9:30 p.m. (hora Colombiana): 28 HORAS en modalidad [&hellip;]<\/p>\n","protected":false},"featured_media":1057,"template":"","meta":[],"class_list":["post-1615","product","type-product","status-publish","has-post-thumbnail","hentry","product_cat-seminarios"],"yoast_head":"<!-- This site is optimized with the Yoast SEO plugin v14.6.1 - https:\/\/yoast.com\/wordpress\/plugins\/seo\/ -->\n<title>FORMACI\u00d3N AUDITOR INTERNO L\u00cdDER EN SISTEMAS DE GESTI\u00d3N INTEGRAL HSEQ ISO-9001:2015, ISO 14001:2015 E ISO 45001:2018 - Inlac Colombia<\/title>\n<meta name=\"robots\" content=\"index, follow\" \/>\n<meta name=\"googlebot\" content=\"index, follow, max-snippet:-1, max-image-preview:large, max-video-preview:-1\" \/>\n<meta name=\"bingbot\" content=\"index, follow, max-snippet:-1, max-image-preview:large, max-video-preview:-1\" \/>\n<link rel=\"canonical\" href=\"http:\/\/inlac-org-co.us.stackstaging.com\/web\/product\/formacion-auditor-interno-lider-en-sistemas-de-gestion-integral-hseq\/\" \/>\n<meta property=\"og:locale\" content=\"es_ES\" \/>\n<meta property=\"og:type\" content=\"article\" \/>\n<meta property=\"og:title\" content=\"FORMACI\u00d3N AUDITOR INTERNO L\u00cdDER EN SISTEMAS DE GESTI\u00d3N INTEGRAL HSEQ ISO-9001:2015, ISO 14001:2015 E ISO 45001:2018 - Inlac Colombia\" \/>\n<meta property=\"og:description\" content=\"DURACION 28 HORAS US $ 135 (TRM) + IMPUESTOS por persona Incluye normas, acceso a material did\u00e1ctico y talleres y certificaci\u00f3n de auditor interno ISO 9001:2015, ISO 14001:2015 e ISO 45001:2018, entregada por INLAC, Organismo Liaison Member de comit\u00e9s t\u00e9cnicos ISO Fecha: Agosto 9 05:30 p.m. a 9:30 p.m. (hora Colombiana): 28 HORAS en modalidad [&hellip;]\" \/>\n<meta property=\"og:url\" content=\"http:\/\/inlac-org-co.us.stackstaging.com\/web\/product\/formacion-auditor-interno-lider-en-sistemas-de-gestion-integral-hseq\/\" \/>\n<meta property=\"og:site_name\" content=\"Inlac Colombia\" \/>\n<meta property=\"article:modified_time\" content=\"2021-08-04T02:13:57+00:00\" \/>\n<meta property=\"og:image\" content=\"https:\/\/www.inlac.org.co\/web\/wp-content\/uploads\/2019\/02\/Logo-Inlac-2019-e1550756389889.png\" \/>\n\t<meta property=\"og:image:width\" content=\"113\" \/>\n\t<meta property=\"og:image:height\" content=\"190\" \/>\n<meta name=\"twitter:card\" content=\"summary_large_image\" \/>\n<script type=\"application\/ld+json\" class=\"yoast-schema-graph\">{\"@context\":\"https:\/\/schema.org\",\"@graph\":[{\"@type\":\"WebSite\",\"@id\":\"https:\/\/www.inlac.org.co\/web\/#website\",\"url\":\"https:\/\/www.inlac.org.co\/web\/\",\"name\":\"Inlac Colombia\",\"description\":\"Expertos en Capacaitaci\\u00f3n de Calidad\",\"potentialAction\":[{\"@type\":\"SearchAction\",\"target\":\"https:\/\/www.inlac.org.co\/web\/?s={search_term_string}\",\"query-input\":\"required name=search_term_string\"}],\"inLanguage\":\"es\"},{\"@type\":\"ImageObject\",\"@id\":\"http:\/\/inlac-org-co.us.stackstaging.com\/web\/product\/formacion-auditor-interno-lider-en-sistemas-de-gestion-integral-hseq\/#primaryimage\",\"inLanguage\":\"es\",\"url\":\"https:\/\/www.inlac.org.co\/web\/wp-content\/uploads\/2019\/02\/Logo-Inlac-2019-e1550756389889.png\",\"width\":113,\"height\":190},{\"@type\":\"WebPage\",\"@id\":\"http:\/\/inlac-org-co.us.stackstaging.com\/web\/product\/formacion-auditor-interno-lider-en-sistemas-de-gestion-integral-hseq\/#webpage\",\"url\":\"http:\/\/inlac-org-co.us.stackstaging.com\/web\/product\/formacion-auditor-interno-lider-en-sistemas-de-gestion-integral-hseq\/\",\"name\":\"FORMACI\\u00d3N AUDITOR INTERNO L\\u00cdDER EN SISTEMAS DE GESTI\\u00d3N INTEGRAL HSEQ ISO-9001:2015, ISO 14001:2015 E ISO 45001:2018 - Inlac Colombia\",\"isPartOf\":{\"@id\":\"https:\/\/www.inlac.org.co\/web\/#website\"},\"primaryImageOfPage\":{\"@id\":\"http:\/\/inlac-org-co.us.stackstaging.com\/web\/product\/formacion-auditor-interno-lider-en-sistemas-de-gestion-integral-hseq\/#primaryimage\"},\"datePublished\":\"2021-08-03T22:47:35+00:00\",\"dateModified\":\"2021-08-04T02:13:57+00:00\",\"inLanguage\":\"es\",\"potentialAction\":[{\"@type\":\"ReadAction\",\"target\":[\"http:\/\/inlac-org-co.us.stackstaging.com\/web\/product\/formacion-auditor-interno-lider-en-sistemas-de-gestion-integral-hseq\/\"]}]}]}<\/script>\n<!-- \/ Yoast SEO plugin. -->","_links":{"self":[{"href":"https:\/\/www.inlac.org.co\/web\/wp-json\/wp\/v2\/product\/1615","targetHints":{"allow":["GET"]}}],"collection":[{"href":"https:\/\/www.inlac.org.co\/web\/wp-json\/wp\/v2\/product"}],"about":[{"href":"https:\/\/www.inlac.org.co\/web\/wp-json\/wp\/v2\/types\/product"}],"wp:featuredmedia":[{"embeddable":true,"href":"https:\/\/www.inlac.org.co\/web\/wp-json\/wp\/v2\/media\/1057"}],"wp:attachment":[{"href":"https:\/\/www.inlac.org.co\/web\/wp-json\/wp\/v2\/media?parent=1615"}],"curies":[{"name":"wp","href":"https:\/\/api.w.org\/{rel}","templated":true}]}}