{"id":969,"date":"2019-02-03T23:01:55","date_gmt":"2019-02-03T23:01:55","guid":{"rendered":"https:\/\/inlac.org.co\/nueva\/\/que-hacemos-copy\/"},"modified":"2021-06-22T14:40:40","modified_gmt":"2021-06-22T19:40:40","slug":"servicios","status":"publish","type":"page","link":"https:\/\/www.inlac.org.co\/web\/servicios\/","title":{"rendered":"Capacitaci\u00f3n"},"content":{"rendered":"<p>[vc_row][vc_column][vc_column_text][\/vc_column_text][\/vc_column][\/vc_row][vc_section][vc_row][vc_column][vc_empty_space height=\u00bb50px\u00bb]\t<div class=\"center title-section wow fadeInDown\">\r\n      <h3 class=\"lrg\">Capacitaci\u00f3n<\/h3><div class=\"separator\"><span><i><\/i><\/span> <\/div>    <\/div>\r\n    [\/vc_column][\/vc_row][\/vc_section][vc_row][vc_column][vc_single_image image=\u00bb693&#8243; img_size=\u00bbfull\u00bb][vc_separator][\/vc_column][vc_column][vc_column_text]<\/p>\n<h2><strong>VENTAJAS DE CAPACITARSE Y ACTUALIZARSE CON INLAC COLOMBIA<\/strong><\/h2>\n<p>[\/vc_column_text][vc_column_text]<\/p>\n<ul>\n<li style=\"list-style-type: none;\">\n<ul>\n<li style=\"text-align: justify;\">El equipo de conferencistas se actualiza permanentemente, con la informaci\u00f3n de los comit\u00e9s t\u00e9cnicos de la ISO en los cuales INLAC participa, tanto en las normas vigentes como en las normas que est\u00e1n en discusi\u00f3n y desarrollo.<\/li>\n<li style=\"text-align: justify;\">La informaci\u00f3n actualizada con los \u00faltimos cambios, modificaciones e informaci\u00f3n de los posibles cambios que se avecinan en los modelos de gesti\u00f3n.<\/li>\n<li style=\"text-align: justify;\">Conferencistas con amplia experiencia (m\u00e1s de 20 a\u00f1os) en la implementaci\u00f3n y auditoria de los sistemas de gesti\u00f3n, dedicados a esta labor y adem\u00e1s con competencias y habilidades para la ense\u00f1anza y transferencia de conocimientos.<\/li>\n<li style=\"text-align: justify;\">Los talleres est\u00e1n dise\u00f1ados para que la teor\u00eda la llevan a la realidad de crear competencias en los participantes.<\/li>\n<li style=\"text-align: justify;\">Certificaci\u00f3n expedida por el Instituto Latinoamericano de la Calidad, Organismo de enlace \u201cLIAISON MEMBER\u201d de la ISO para Latinoam\u00e9rica<strong><em>.<\/em><\/strong><\/li>\n<\/ul>\n<\/li>\n<\/ul>\n<p>[\/vc_column_text][vc_column_text]<a href=\"http:\/\/inlac-org-co.us.stackstaging.com\/web\/programacion-primer-semestre-2021\/\">CALENDARIO CURSOS VIRTUALES SINCR\u00d3NICOS 2021<\/a>[\/vc_column_text][\/vc_column][\/vc_row][vc_row][vc_column][\/vc_column][\/vc_row][vc_row][vc_column][vc_column_text]<\/p>\n<p>[\/vc_column_text][vc_column_text]<\/p>\n<h2><strong>PROGRAMAS DE FORMACI\u00d3N DE AUDITORES INTERNOS<\/strong><\/h2>\n<p>[\/vc_column_text][vc_column_text]<\/p>\n<ul>\n<li>Programa de Formaci\u00f3n de Auditor Interno HSEQ ISO 9001:2015 \u2013 ISO 14001:2015 \u2013 ISO 45001:2018<\/li>\n<li>Programa de Formaci\u00f3n de Auditor Interno de Calidad ISO 9001:2015<\/li>\n<li>Programa de Formaci\u00f3n de Auditor Interno Ambiental ISO 14001:2015<\/li>\n<li><a href=\"https:\/\/www.inlac.org.co\/nueva\/wp-content\/uploads\/2019\/02\/PROGRAMA-DE-FORMACIO\u0301N-AUDITORES-INTERNOS-ISO-45001-2018.pdf\">Programa de Formaci\u00f3n de Auditor Interno SST ISO 45001:2018<\/a><\/li>\n<li>Programa de Formaci\u00f3n de Auditor Interno ISO 17025:2017<\/li>\n<li>Programa de Formaci\u00f3n de Auditor Interno en Seguridad de la Informaci\u00f3n ISO 27001:2013<\/li>\n<li>Programa de Formaci\u00f3n de Auditor Interno ISO 39001:2013<\/li>\n<li>Programa de Formaci\u00f3n de Auditor Interno ISO 22301<\/li>\n<li><\/li>\n<\/ul>\n<p>[\/vc_column_text][vc_column_text]<\/p>\n<h2><strong>OTROS CURSOS, SEMINARIOS Y TALLERES<\/strong><\/h2>\n<p>[\/vc_column_text][vc_column_text]<\/p>\n<ul>\n<li>Seminario Taller Gesti\u00f3n de Riesgos<\/li>\n<li>Seminario Taller Auditor\u00edas remotas a Sistemas de Gesti\u00f3n<\/li>\n<li>Seminario T\u00e9cnicas de redacci\u00f3n de No Conformidades, An\u00e1lisis causas y desarrollo de acciones correctivas y de mejora<\/li>\n<li>Seminario An\u00e1lisis causas y desarrollo de acciones correctivas y de mejora<\/li>\n<li>Planes de Calidad en Obras y Proyectos<\/li>\n<li>Medici\u00f3n Satisfacci\u00f3n del cliente y medici\u00f3n de fidelizaci\u00f3n de clientes<\/li>\n<li>Gesti\u00f3n metrol\u00f3gica<\/li>\n<li>Manejo seguro de Sustancias Qu\u00edmicas<\/li>\n<li>Ahorro y uso eficiente del agua y energ\u00eda<\/li>\n<\/ul>\n<h4 style=\"text-align: left;\"><strong>Los programas son abiertos o pueden ser de capacitaci\u00f3n cerrada (In-house) ajustada a las necesidades de su organizaci\u00f3n, tanto de forma presencial como virtual <\/strong><\/h4>\n<p>[\/vc_column_text][\/vc_column][\/vc_row]<\/p>\n","protected":false},"excerpt":{"rendered":"<p>[vc_row][vc_column][vc_column_text][\/vc_column_text][\/vc_column][\/vc_row][vc_section][vc_row][vc_column][vc_empty_space height=\u00bb50px\u00bb][\/vc_column][\/vc_row][\/vc_section][vc_row][vc_column][vc_single_image image=\u00bb693&#8243; img_size=\u00bbfull\u00bb][vc_separator][\/vc_column][vc_column][vc_column_text] VENTAJAS DE CAPACITARSE Y ACTUALIZARSE CON INLAC COLOMBIA [\/vc_column_text][vc_column_text] El equipo de conferencistas se actualiza permanentemente, con la informaci\u00f3n de los comit\u00e9s t\u00e9cnicos de la ISO en los cuales INLAC participa, tanto en las normas vigentes como en las normas que est\u00e1n en discusi\u00f3n y desarrollo. La informaci\u00f3n actualizada con los [&hellip;]<\/p>\n","protected":false},"author":1,"featured_media":0,"parent":0,"menu_order":0,"comment_status":"closed","ping_status":"closed","template":"page-NoTitleBar.php","meta":{"footnotes":""},"class_list":["post-969","page","type-page","status-publish","hentry"],"yoast_head":"<!-- This site is optimized with the Yoast SEO plugin v14.6.1 - https:\/\/yoast.com\/wordpress\/plugins\/seo\/ -->\n<title>Capacitaci\u00f3n - Inlac Colombia<\/title>\n<meta name=\"robots\" content=\"index, follow\" \/>\n<meta name=\"googlebot\" content=\"index, follow, max-snippet:-1, max-image-preview:large, max-video-preview:-1\" \/>\n<meta name=\"bingbot\" content=\"index, follow, max-snippet:-1, max-image-preview:large, max-video-preview:-1\" \/>\n<link rel=\"canonical\" href=\"http:\/\/inlac-org-co.us.stackstaging.com\/web\/servicios\/\" \/>\n<meta property=\"og:locale\" content=\"es_ES\" \/>\n<meta property=\"og:type\" content=\"article\" \/>\n<meta property=\"og:title\" content=\"Capacitaci\u00f3n - Inlac Colombia\" \/>\n<meta property=\"og:description\" content=\"[vc_row][vc_column][vc_column_text][\/vc_column_text][\/vc_column][\/vc_row][vc_section][vc_row][vc_column][vc_empty_space height=\u00bb50px\u00bb][\/vc_column][\/vc_row][\/vc_section][vc_row][vc_column][vc_single_image image=\u00bb693&#8243; img_size=\u00bbfull\u00bb][vc_separator][\/vc_column][vc_column][vc_column_text] VENTAJAS DE CAPACITARSE Y ACTUALIZARSE CON INLAC COLOMBIA [\/vc_column_text][vc_column_text] El equipo de conferencistas se actualiza permanentemente, con la informaci\u00f3n de los comit\u00e9s t\u00e9cnicos de la ISO en los cuales INLAC participa, tanto en las normas vigentes como en las normas que est\u00e1n en discusi\u00f3n y desarrollo. La informaci\u00f3n actualizada con los [&hellip;]\" \/>\n<meta property=\"og:url\" content=\"http:\/\/inlac-org-co.us.stackstaging.com\/web\/servicios\/\" \/>\n<meta property=\"og:site_name\" content=\"Inlac Colombia\" \/>\n<meta property=\"article:modified_time\" content=\"2021-06-22T19:40:40+00:00\" \/>\n<meta name=\"twitter:card\" content=\"summary_large_image\" \/>\n<script type=\"application\/ld+json\" class=\"yoast-schema-graph\">{\"@context\":\"https:\/\/schema.org\",\"@graph\":[{\"@type\":\"WebSite\",\"@id\":\"https:\/\/www.inlac.org.co\/web\/#website\",\"url\":\"https:\/\/www.inlac.org.co\/web\/\",\"name\":\"Inlac Colombia\",\"description\":\"Expertos en Capacaitaci\\u00f3n de Calidad\",\"potentialAction\":[{\"@type\":\"SearchAction\",\"target\":\"https:\/\/www.inlac.org.co\/web\/?s={search_term_string}\",\"query-input\":\"required name=search_term_string\"}],\"inLanguage\":\"es\"},{\"@type\":\"WebPage\",\"@id\":\"http:\/\/inlac-org-co.us.stackstaging.com\/web\/servicios\/#webpage\",\"url\":\"http:\/\/inlac-org-co.us.stackstaging.com\/web\/servicios\/\",\"name\":\"Capacitaci\\u00f3n - Inlac Colombia\",\"isPartOf\":{\"@id\":\"https:\/\/www.inlac.org.co\/web\/#website\"},\"datePublished\":\"2019-02-03T23:01:55+00:00\",\"dateModified\":\"2021-06-22T19:40:40+00:00\",\"inLanguage\":\"es\",\"potentialAction\":[{\"@type\":\"ReadAction\",\"target\":[\"http:\/\/inlac-org-co.us.stackstaging.com\/web\/servicios\/\"]}]}]}<\/script>\n<!-- \/ Yoast SEO plugin. -->","_links":{"self":[{"href":"https:\/\/www.inlac.org.co\/web\/wp-json\/wp\/v2\/pages\/969","targetHints":{"allow":["GET"]}}],"collection":[{"href":"https:\/\/www.inlac.org.co\/web\/wp-json\/wp\/v2\/pages"}],"about":[{"href":"https:\/\/www.inlac.org.co\/web\/wp-json\/wp\/v2\/types\/page"}],"author":[{"embeddable":true,"href":"https:\/\/www.inlac.org.co\/web\/wp-json\/wp\/v2\/users\/1"}],"replies":[{"embeddable":true,"href":"https:\/\/www.inlac.org.co\/web\/wp-json\/wp\/v2\/comments?post=969"}],"version-history":[{"count":21,"href":"https:\/\/www.inlac.org.co\/web\/wp-json\/wp\/v2\/pages\/969\/revisions"}],"predecessor-version":[{"id":1331,"href":"https:\/\/www.inlac.org.co\/web\/wp-json\/wp\/v2\/pages\/969\/revisions\/1331"}],"wp:attachment":[{"href":"https:\/\/www.inlac.org.co\/web\/wp-json\/wp\/v2\/media?parent=969"}],"curies":[{"name":"wp","href":"https:\/\/api.w.org\/{rel}","templated":true}]}}