{"id":954,"date":"2019-02-03T22:26:29","date_gmt":"2019-02-03T22:26:29","guid":{"rendered":"https:\/\/inlac.org.co\/nueva\/\/quienes-somos-copy\/"},"modified":"2020-07-28T13:00:34","modified_gmt":"2020-07-28T18:00:34","slug":"que-hacemos","status":"publish","type":"page","link":"https:\/\/www.inlac.org.co\/web\/que-hacemos\/","title":{"rendered":"Que Hacemos"},"content":{"rendered":"<p>[vc_row][vc_column][vc_column_text][\/vc_column_text][\/vc_column][\/vc_row][vc_section][vc_row][vc_column][vc_empty_space height=\u00bb50px\u00bb]\t<div class=\"center title-section wow fadeInDown\">\r\n      <h3 class=\"lrg\">Qu\u00e9 Hacemos<\/h3><div class=\"separator\"><span><i><\/i><\/span> <\/div>    <\/div>\r\n    [vc_single_image image=\u00bb693&#8243; img_size=\u00bbfull\u00bb][\/vc_column][\/vc_row][vc_row][vc_column][vc_column_text]<\/p>\n<div class=\"wpb_text_column wpb_content_element \">\n<div class=\"wpb_wrapper\">\n<h2><strong>CAPACITACI\u00d3N<\/strong><\/h2>\n<\/div>\n<\/div>\n<div class=\"wpb_text_column wpb_content_element \">\n<div class=\"wpb_wrapper\">\n<p>Programas de educaci\u00f3n no formal, espacios abiertos y espec\u00edficos para organizaciones, con contenidos definidos por INLAC, orientados a la formaci\u00f3n en aspectos relativos a la calidad, seguridad y salud ocupacional, medio ambiente y gesti\u00f3n del riesgo.<\/p>\n<p><a href=\"https:\/\/www.inlac.org.co\/cursos\">Contamos con un Calendario de cursos abiertos.<\/a><\/p>\n<p>Tambi\u00e9n realizamos capacitaciones personalizadas In House de acuerdo a las necesidades de nuestrso clientes, su sector y especificaciones.<\/p>\n<\/div>\n<\/div>\n<div class=\"wpb_text_column wpb_content_element \">\n<div class=\"wpb_wrapper\">\n<h2><strong>CONSULTOR\u00cdA<\/strong><\/h2>\n<\/div>\n<\/div>\n<div class=\"wpb_text_column wpb_content_element \">\n<div class=\"wpb_wrapper\">\n<p>Consultor\u00eda especializada para la implementaci\u00f3n de diversos Sistemas de Gesti\u00f3n entre ellos de Calidad, Medio Ambiente, Seguridad y Salud en el trabajo, Sistemas Integrados, entre otros.<\/p>\n<p>Nos caracterizamos por contar con un importante grupo de expertos en diferentes \u00e1reas, que nos permiten cubrir las necesidades de nuestros clientes personalizando cada uno de nuestros servicios.<\/p>\n<\/div>\n<\/div>\n<div class=\"wpb_text_column wpb_content_element \">\n<div class=\"wpb_wrapper\">\n<h2>AUDITOR\u00cdAS<\/h2>\n<\/div>\n<\/div>\n<div class=\"wpb_text_column wpb_content_element \">\n<div class=\"wpb_wrapper\">\n<p>Desarrollamos\u00a0<a href=\"http:\/\/inlac-org-co.us.stackstaging.com\/web\/auditorias-internas\/\">auditorias en sistemas de gesti\u00f3n<\/a>\u00a0ISO de Calidad, Medio Ambiente,\u00a0 Seguridad y Salud en el trabajo, Seguridad de la Informaci\u00f3n, Continuidad del Negocio, Gesti\u00f3n del riesgo, entre otros Sistemas de Gesti\u00f3n, con especialistas de alta experiencia auditando a empresas de diversos sectores y tama\u00f1os.<\/p>\n<\/div>\n<\/div>\n<div class=\"wpb_text_column wpb_content_element \">\n<div class=\"wpb_wrapper\">\n<h2><strong>PARTICIPACI\u00d3N EN EL DESARROLLO Y DISCUSI\u00d3N DE NORMAS ISO EN LOS COMIT\u00c9S QUE HACEMOS PARTE\u00a0\u00a0<\/strong><\/h2>\n<\/div>\n<\/div>\n<div class=\"wpb_text_column wpb_content_element \">\n<div class=\"wpb_wrapper\">\n<p>Las Normas ISO se construyen a partir del conocimiento colectivo de los pa\u00edses. Como miembro de INLAC, se puede participar de manera activa en esta construcci\u00f3n, participando en la discusi\u00f3n de \u00e9stas, para posterior env\u00edo de los comentarios a los Comit\u00e9s ISO de los que hacemos parte\u00a0<strong><em>(ISO-TC-176 Calidad, ISO-TC-207 Ambiental, ISO-TC-283 Seguridad y Salud en el Trabajo, ISO-CASCO Evaluaci\u00f3n de la Conformidad-Auditor\u00edas, ISO-TC-JTC1 Seguridad de la Informaci\u00f3n e ISO-STTF Spanish Translation Task Force).<\/em><\/strong>\u00a0Posibilidad de participar en las reuniones de los comit\u00e9s de la ISO, como parte de la delegaci\u00f3n de INLAC.<\/p>\n<p>Todos nuestros asesores est\u00e1n constantemente actualizados y muchos de ellos hacen parte de los comit\u00e9s de desarrollo de las normas ISO.<\/p>\n<\/div>\n<\/div>\n<div class=\"wpb_text_column wpb_content_element \">\n<div class=\"wpb_wrapper\">\n<h2><strong>FOROS Y CONGRESOS<\/strong><\/h2>\n<\/div>\n<\/div>\n<div class=\"wpb_text_column wpb_content_element \">\n<div class=\"wpb_wrapper\">\n<p>Desarrollo del Foro INLAC \u2013 COLOMBIA, con la participaci\u00f3n de conferencistas internacionales y nacionales.<\/p>\n<p>Desarrollo en conjunto con otras organizaciones de congresos que apoyen el cumplimiento de los objetivos de INLAC. Apoyo y participaci\u00f3n en los Foros INLAC de otros cap\u00edtulos.<\/p>\n<\/div>\n<\/div>\n<div class=\"wpb_text_column wpb_content_element \">\n<div class=\"wpb_wrapper\">\n<h2><strong>SEMINARIOS Y TALLERES<\/strong><\/h2>\n<\/div>\n<\/div>\n<div class=\"wpb_text_column wpb_content_element \">\n<div class=\"wpb_wrapper\">\n<p>Conferencias magistrales y talleres participativos que buscan promover una cultura hacia los diversos sistemas de gesti\u00f3n de las Organizaciones.<\/p>\n<\/div>\n<\/div>\n<div class=\"wpb_text_column wpb_content_element \">\n<div class=\"wpb_wrapper\">\n<h2><strong>TERTULIAS Y ACTUALIZACI\u00d3N<\/strong><\/h2>\n<\/div>\n<\/div>\n<div class=\"wpb_text_column wpb_content_element \">\n<div class=\"wpb_wrapper\">\n<p>Reuniones de tipo presencial, informales, con expertos para generar espacios de discusi\u00f3n y actualizaci\u00f3n que se programar\u00e1n e informar\u00e1n previamente.<\/p>\n<\/div>\n<\/div>\n<p>[\/vc_column_text][\/vc_column][\/vc_row][\/vc_section]<\/p>\n","protected":false},"excerpt":{"rendered":"<p>[vc_row][vc_column][vc_column_text][\/vc_column_text][\/vc_column][\/vc_row][vc_section][vc_row][vc_column][vc_empty_space height=\u00bb50px\u00bb][vc_single_image image=\u00bb693&#8243; img_size=\u00bbfull\u00bb][\/vc_column][\/vc_row][vc_row][vc_column][vc_column_text] CAPACITACI\u00d3N Programas de educaci\u00f3n no formal, espacios abiertos y espec\u00edficos para organizaciones, con contenidos definidos por INLAC, orientados a la formaci\u00f3n en aspectos relativos a la calidad, seguridad y salud ocupacional, medio ambiente y gesti\u00f3n del riesgo. Contamos con un Calendario de cursos abiertos. Tambi\u00e9n realizamos capacitaciones personalizadas In House de [&hellip;]<\/p>\n","protected":false},"author":1,"featured_media":0,"parent":0,"menu_order":0,"comment_status":"closed","ping_status":"closed","template":"page-NoTitleBar.php","meta":{"footnotes":""},"class_list":["post-954","page","type-page","status-publish","hentry"],"yoast_head":"<!-- This site is optimized with the Yoast SEO plugin v14.6.1 - https:\/\/yoast.com\/wordpress\/plugins\/seo\/ -->\n<title>Que Hacemos - Inlac Colombia<\/title>\n<meta name=\"robots\" content=\"index, follow\" \/>\n<meta name=\"googlebot\" content=\"index, follow, max-snippet:-1, max-image-preview:large, max-video-preview:-1\" \/>\n<meta name=\"bingbot\" content=\"index, follow, max-snippet:-1, max-image-preview:large, max-video-preview:-1\" \/>\n<link rel=\"canonical\" href=\"http:\/\/inlac-org-co.us.stackstaging.com\/web\/que-hacemos\/\" \/>\n<meta property=\"og:locale\" content=\"es_ES\" \/>\n<meta property=\"og:type\" content=\"article\" \/>\n<meta property=\"og:title\" content=\"Que Hacemos - Inlac Colombia\" \/>\n<meta property=\"og:description\" content=\"[vc_row][vc_column][vc_column_text][\/vc_column_text][\/vc_column][\/vc_row][vc_section][vc_row][vc_column][vc_empty_space height=\u00bb50px\u00bb][vc_single_image image=\u00bb693&#8243; img_size=\u00bbfull\u00bb][\/vc_column][\/vc_row][vc_row][vc_column][vc_column_text] CAPACITACI\u00d3N Programas de educaci\u00f3n no formal, espacios abiertos y espec\u00edficos para organizaciones, con contenidos definidos por INLAC, orientados a la formaci\u00f3n en aspectos relativos a la calidad, seguridad y salud ocupacional, medio ambiente y gesti\u00f3n del riesgo. Contamos con un Calendario de cursos abiertos. Tambi\u00e9n realizamos capacitaciones personalizadas In House de [&hellip;]\" \/>\n<meta property=\"og:url\" content=\"http:\/\/inlac-org-co.us.stackstaging.com\/web\/que-hacemos\/\" \/>\n<meta property=\"og:site_name\" content=\"Inlac Colombia\" \/>\n<meta property=\"article:modified_time\" content=\"2020-07-28T18:00:34+00:00\" \/>\n<meta name=\"twitter:card\" content=\"summary_large_image\" \/>\n<script type=\"application\/ld+json\" class=\"yoast-schema-graph\">{\"@context\":\"https:\/\/schema.org\",\"@graph\":[{\"@type\":\"WebSite\",\"@id\":\"https:\/\/www.inlac.org.co\/web\/#website\",\"url\":\"https:\/\/www.inlac.org.co\/web\/\",\"name\":\"Inlac Colombia\",\"description\":\"Expertos en Capacaitaci\\u00f3n de Calidad\",\"potentialAction\":[{\"@type\":\"SearchAction\",\"target\":\"https:\/\/www.inlac.org.co\/web\/?s={search_term_string}\",\"query-input\":\"required name=search_term_string\"}],\"inLanguage\":\"es\"},{\"@type\":\"WebPage\",\"@id\":\"http:\/\/inlac-org-co.us.stackstaging.com\/web\/que-hacemos\/#webpage\",\"url\":\"http:\/\/inlac-org-co.us.stackstaging.com\/web\/que-hacemos\/\",\"name\":\"Que Hacemos - Inlac Colombia\",\"isPartOf\":{\"@id\":\"https:\/\/www.inlac.org.co\/web\/#website\"},\"datePublished\":\"2019-02-03T22:26:29+00:00\",\"dateModified\":\"2020-07-28T18:00:34+00:00\",\"inLanguage\":\"es\",\"potentialAction\":[{\"@type\":\"ReadAction\",\"target\":[\"http:\/\/inlac-org-co.us.stackstaging.com\/web\/que-hacemos\/\"]}]}]}<\/script>\n<!-- \/ Yoast SEO plugin. -->","_links":{"self":[{"href":"https:\/\/www.inlac.org.co\/web\/wp-json\/wp\/v2\/pages\/954","targetHints":{"allow":["GET"]}}],"collection":[{"href":"https:\/\/www.inlac.org.co\/web\/wp-json\/wp\/v2\/pages"}],"about":[{"href":"https:\/\/www.inlac.org.co\/web\/wp-json\/wp\/v2\/types\/page"}],"author":[{"embeddable":true,"href":"https:\/\/www.inlac.org.co\/web\/wp-json\/wp\/v2\/users\/1"}],"replies":[{"embeddable":true,"href":"https:\/\/www.inlac.org.co\/web\/wp-json\/wp\/v2\/comments?post=954"}],"version-history":[{"count":20,"href":"https:\/\/www.inlac.org.co\/web\/wp-json\/wp\/v2\/pages\/954\/revisions"}],"predecessor-version":[{"id":1324,"href":"https:\/\/www.inlac.org.co\/web\/wp-json\/wp\/v2\/pages\/954\/revisions\/1324"}],"wp:attachment":[{"href":"https:\/\/www.inlac.org.co\/web\/wp-json\/wp\/v2\/media?parent=954"}],"curies":[{"name":"wp","href":"https:\/\/api.w.org\/{rel}","templated":true}]}}