{"id":1136,"date":"2019-02-08T12:51:32","date_gmt":"2019-02-08T12:51:32","guid":{"rendered":"https:\/\/www.inlac.org.co\/nueva\/auditorias-internas-copy\/"},"modified":"2021-02-15T17:24:00","modified_gmt":"2021-02-15T22:24:00","slug":"consultoria","status":"publish","type":"page","link":"https:\/\/www.inlac.org.co\/web\/consultoria\/","title":{"rendered":"Consultor\u00eda"},"content":{"rendered":"<p>[vc_row][vc_column][vc_column_text][\/vc_column_text][\/vc_column][\/vc_row][vc_section][vc_row][vc_column][vc_empty_space height=\u00bb50px\u00bb]\t<div class=\"center title-section wow fadeInDown\">\r\n      <h3 class=\"lrg\">Consultor\u00eda<\/h3><div class=\"separator\"><span><i><\/i><\/span> <\/div>    <\/div>\r\n    [\/vc_column][\/vc_row][\/vc_section][vc_row][vc_column][vc_single_image image=\u00bb693&#8243; img_size=\u00bbfull\u00bb][vc_separator][\/vc_column][vc_column][vc_column_text]<\/p>\r\n<p>[vc_column_text]<\/p>\r\n<p>Realizamos consultor\u00edas en los siguientes temas:<\/p>\r\n<p>IMPELMENTACI\u00d3N, MANTENIMIENTO Y MEJORA EN SISTEMAS DE GESTI\u00d3N:<\/p>\r\n<p>&nbsp;<\/p>\r\n<ul>\r\n<li>Sistemas de gesti\u00f3n HSEQ ISO 9001:2015 \u2013 ISO 14001:2015 \u2013 ISO 45001:2018<\/li>\r\n<li>Sistemas de gesti\u00f3n de la Calidad ISO 9001:2015<\/li>\r\n<li>Sistemas de gesti\u00f3n Ambiental ISO 14001:2015<\/li>\r\n<li>Sistemas de gesti\u00f3n de Seguridad y Salud en el Trabajo ISO 45001:2018<\/li>\r\n<li>Sistemas de gesti\u00f3n de SST cumplimiento de requisitos legales de Colombia<\/li>\r\n<li>Sistemas de gesti\u00f3n de Calidad en Laboratorios de Ensayo y Calibraci\u00f3n \u2013 ISO 17025:2017<\/li>\r\n<li>Sistemas de gesti\u00f3n de Seguridad de la Informaci\u00f3n ISO 27001:2013<\/li>\r\n<li>Sistemas de gesti\u00f3n de Seguridad Vial \u2013 ISO 39001:2013<\/li>\r\n<li>Gesti\u00f3n Integral del Riesgo \u2013ISO 31000<\/li>\r\n<li>Sistemas de gesti\u00f3n de Seguridad Vial \u2013 ISO 39001:2013 \u00a0<\/li>\r\n<li>Inocuidad de los alimentos \u2013 ISO 22000<\/li>\r\n<li>Responsabilidad Social \u2013 ISO 26000<\/li>\r\n<li>Sistemas de gesti\u00f3n de la Calidad Sector Petr\u00f3leo \u2013 ISO 29000<\/li>\r\n<li>Sistemas de gesti\u00f3n de Continuidad del Negocio \u2013 ISO 22301<\/li>\r\n<li>Sistemas de gesti\u00f3n Antisoborno \u2013 ISO 37001<\/li>\r\n<\/ul>\r\n<p>&nbsp;<\/p>\r\n<ul>\r\n<li>Suministro de personal Outsoursing para su sistema de gesti\u00f3n<\/li>\r\n<li>Mantenimiento y actualizaci\u00f3n de su sistema de gesti\u00f3n<\/li>\r\n<li>Medici\u00f3n de Huella de Agua y Huella de Carbono<\/li>\r\n<li>Dise\u00f1o y realizaci\u00f3n de medici\u00f3n de satisfacci\u00f3n del cliente<\/li>\r\n<li>Asesor\u00eda para la implementaci\u00f3n de su sistema de gesti\u00f3n para acreditaci\u00f3n<\/li>\r\n<\/ul>\r\n<p>&nbsp;<\/p>\r\n<h4><strong>\u00a0<\/strong><a href=\"http:\/\/inlac-org-co.us.stackstaging.com\/web\/contactenos\/\">Cont\u00e1ctenos<\/a><strong>\u00a0para poder entregarle una propuesta ajustada a las necesidades de su organizaci\u00f3n<\/strong><\/h4>\r\n<h4><strong>Las actividades se realizan tanto de forma presencial como remota\u00a0 o mezclada<\/strong><\/h4>\r\n<p>[\/vc_column_text][\/vc_column][\/vc_row][vc_row][vc_column][vc_column_text]<\/p>\r\n<h4 style=\"text-align: center;\">\u00a0<strong><a href=\"http:\/\/inlac-org-co.us.stackstaging.com\/web\/contactenos\/\">Cont\u00e1ctenos<\/a> para poder entregarle una propuesta ajustada a las necesidades de su compa\u00f1\u00eda<\/strong><\/h4>\r\n<p><\/p>\r\n<p>[\/vc_column_text][\/vc_column][\/vc_row]<\/p>","protected":false},"excerpt":{"rendered":"<p>[vc_row][vc_column][vc_column_text][\/vc_column_text][\/vc_column][\/vc_row][vc_section][vc_row][vc_column][vc_empty_space height=\u00bb50px\u00bb][\/vc_column][\/vc_row][\/vc_section][vc_row][vc_column][vc_single_image image=\u00bb693&#8243; img_size=\u00bbfull\u00bb][vc_separator][\/vc_column][vc_column][vc_column_text] [vc_column_text] Realizamos consultor\u00edas en los siguientes temas: IMPELMENTACI\u00d3N, MANTENIMIENTO Y MEJORA EN SISTEMAS DE GESTI\u00d3N: &nbsp; Sistemas de gesti\u00f3n HSEQ ISO 9001:2015 \u2013 ISO 14001:2015 \u2013 ISO 45001:2018 Sistemas de gesti\u00f3n de la Calidad ISO 9001:2015 Sistemas de gesti\u00f3n Ambiental ISO 14001:2015 Sistemas de gesti\u00f3n de Seguridad y Salud en el [&hellip;]<\/p>\n","protected":false},"author":1,"featured_media":0,"parent":0,"menu_order":0,"comment_status":"closed","ping_status":"closed","template":"page-NoTitleBar.php","meta":{"footnotes":""},"class_list":["post-1136","page","type-page","status-publish","hentry"],"yoast_head":"<!-- This site is optimized with the Yoast SEO plugin v14.6.1 - https:\/\/yoast.com\/wordpress\/plugins\/seo\/ -->\n<title>Consultor\u00eda - Inlac Colombia<\/title>\n<meta name=\"robots\" content=\"index, follow\" \/>\n<meta name=\"googlebot\" content=\"index, follow, max-snippet:-1, max-image-preview:large, max-video-preview:-1\" \/>\n<meta name=\"bingbot\" content=\"index, follow, max-snippet:-1, max-image-preview:large, max-video-preview:-1\" \/>\n<link rel=\"canonical\" href=\"http:\/\/inlac-org-co.us.stackstaging.com\/web\/consultoria\/\" \/>\n<meta property=\"og:locale\" content=\"es_ES\" \/>\n<meta property=\"og:type\" content=\"article\" \/>\n<meta property=\"og:title\" content=\"Consultor\u00eda - Inlac Colombia\" \/>\n<meta property=\"og:description\" content=\"[vc_row][vc_column][vc_column_text][\/vc_column_text][\/vc_column][\/vc_row][vc_section][vc_row][vc_column][vc_empty_space height=\u00bb50px\u00bb][\/vc_column][\/vc_row][\/vc_section][vc_row][vc_column][vc_single_image image=\u00bb693&#8243; img_size=\u00bbfull\u00bb][vc_separator][\/vc_column][vc_column][vc_column_text] [vc_column_text] Realizamos consultor\u00edas en los siguientes temas: IMPELMENTACI\u00d3N, MANTENIMIENTO Y MEJORA EN SISTEMAS DE GESTI\u00d3N: &nbsp; Sistemas de gesti\u00f3n HSEQ ISO 9001:2015 \u2013 ISO 14001:2015 \u2013 ISO 45001:2018 Sistemas de gesti\u00f3n de la Calidad ISO 9001:2015 Sistemas de gesti\u00f3n Ambiental ISO 14001:2015 Sistemas de gesti\u00f3n de Seguridad y Salud en el [&hellip;]\" \/>\n<meta property=\"og:url\" content=\"http:\/\/inlac-org-co.us.stackstaging.com\/web\/consultoria\/\" \/>\n<meta property=\"og:site_name\" content=\"Inlac Colombia\" \/>\n<meta property=\"article:modified_time\" content=\"2021-02-15T22:24:00+00:00\" \/>\n<meta name=\"twitter:card\" content=\"summary_large_image\" \/>\n<script type=\"application\/ld+json\" class=\"yoast-schema-graph\">{\"@context\":\"https:\/\/schema.org\",\"@graph\":[{\"@type\":\"WebSite\",\"@id\":\"https:\/\/www.inlac.org.co\/web\/#website\",\"url\":\"https:\/\/www.inlac.org.co\/web\/\",\"name\":\"Inlac Colombia\",\"description\":\"Expertos en Capacaitaci\\u00f3n de Calidad\",\"potentialAction\":[{\"@type\":\"SearchAction\",\"target\":\"https:\/\/www.inlac.org.co\/web\/?s={search_term_string}\",\"query-input\":\"required name=search_term_string\"}],\"inLanguage\":\"es\"},{\"@type\":\"WebPage\",\"@id\":\"http:\/\/inlac-org-co.us.stackstaging.com\/web\/consultoria\/#webpage\",\"url\":\"http:\/\/inlac-org-co.us.stackstaging.com\/web\/consultoria\/\",\"name\":\"Consultor\\u00eda - Inlac Colombia\",\"isPartOf\":{\"@id\":\"https:\/\/www.inlac.org.co\/web\/#website\"},\"datePublished\":\"2019-02-08T12:51:32+00:00\",\"dateModified\":\"2021-02-15T22:24:00+00:00\",\"inLanguage\":\"es\",\"potentialAction\":[{\"@type\":\"ReadAction\",\"target\":[\"http:\/\/inlac-org-co.us.stackstaging.com\/web\/consultoria\/\"]}]}]}<\/script>\n<!-- \/ Yoast SEO plugin. -->","_links":{"self":[{"href":"https:\/\/www.inlac.org.co\/web\/wp-json\/wp\/v2\/pages\/1136","targetHints":{"allow":["GET"]}}],"collection":[{"href":"https:\/\/www.inlac.org.co\/web\/wp-json\/wp\/v2\/pages"}],"about":[{"href":"https:\/\/www.inlac.org.co\/web\/wp-json\/wp\/v2\/types\/page"}],"author":[{"embeddable":true,"href":"https:\/\/www.inlac.org.co\/web\/wp-json\/wp\/v2\/users\/1"}],"replies":[{"embeddable":true,"href":"https:\/\/www.inlac.org.co\/web\/wp-json\/wp\/v2\/comments?post=1136"}],"version-history":[{"count":15,"href":"https:\/\/www.inlac.org.co\/web\/wp-json\/wp\/v2\/pages\/1136\/revisions"}],"predecessor-version":[{"id":1717,"href":"https:\/\/www.inlac.org.co\/web\/wp-json\/wp\/v2\/pages\/1136\/revisions\/1717"}],"wp:attachment":[{"href":"https:\/\/www.inlac.org.co\/web\/wp-json\/wp\/v2\/media?parent=1136"}],"curies":[{"name":"wp","href":"https:\/\/api.w.org\/{rel}","templated":true}]}}