{"id":1133,"date":"2019-02-08T12:47:03","date_gmt":"2019-02-08T12:47:03","guid":{"rendered":"https:\/\/www.inlac.org.co\/nueva\/servicios-copy\/"},"modified":"2021-02-15T17:22:06","modified_gmt":"2021-02-15T22:22:06","slug":"auditorias-internas","status":"publish","type":"page","link":"https:\/\/www.inlac.org.co\/web\/auditorias-internas\/","title":{"rendered":"Auditor\u00edas Internas"},"content":{"rendered":"<p>[vc_row][vc_column][vc_column_text][\/vc_column_text][\/vc_column][\/vc_row][vc_section][vc_row][vc_column][vc_empty_space height=\u00bb50px\u00bb]\t<div class=\"center title-section wow fadeInDown\">\r\n      <h3 class=\"lrg\">Auditor\u00edas Internas<\/h3><div class=\"separator\"><span><i><\/i><\/span> <\/div>    <\/div>\r\n    [\/vc_column][\/vc_row][\/vc_section][vc_row][vc_column][vc_single_image image=\u00bb693&#8243; img_size=\u00bbfull\u00bb][vc_separator][\/vc_column][vc_column][vc_column_text]Realizamos Auditor\u00edas internas y diagn\u00f3sticos para Empresas, Organizaciones y Entidades de todos los tama\u00f1os y sectores, p\u00fablicas o privadas, siendo sus aliados en la consecuci\u00f3n de sus objetivos en sistemas de gesti\u00f3n:<\/p>\n<ul>\n<li>Auditor\u00eda Interna \u2013 HSEQ ISO 9001:2015 \u2013 ISO 14001:2015 \u2013 ISO 45001:2018<\/li>\n<li>Auditor\u00eda Interna de Calidad ISO 9001:2015<\/li>\n<li>Auditor\u00eda Interna \u2013 Ambiental ISO 14001:2015<\/li>\n<li>Auditor\u00eda Interna en Seguridad y Salud en el Trabajo ISO 45001:2018<\/li>\n<li>Auditor\u00eda Interna \u2013 ISO 17025:2017<\/li>\n<li>Auditor\u00eda Interna en Seguridad de la Informaci\u00f3n ISO 27001:2013<\/li>\n<li>Auditor\u00eda Interna \u2013 ISO 31000 \u2013 Gesti\u00f3n Integral del Riesgo<\/li>\n<li>Auditor\u00eda Interna \u2013 ISO 39001:2013 \u2013 Seguridad Vial<\/li>\n<li>Auditor\u00eda Interna \u2013 ISO 22000 \u2013 Inocuidad de los alimentos<\/li>\n<li>Auditor\u00eda Interna \u2013 ISO 26000 \u2013 Responsabilidad Social<\/li>\n<li>Auditor\u00eda Interna \u2013 ISO 29000 \u2013 Gesti\u00f3n de la Calidad Sector Petr\u00f3leo<\/li>\n<li>Auditor\u00eda Interna \u2013 ISO 22301 \u2013 Continuidad del Negocio<\/li>\n<li>Auditor\u00eda Interna \u2013 ISO 37001 \u2013 Gesti\u00f3n Antisoborno<\/li>\n<\/ul>\n<p>&nbsp;<\/p>\n<h4><a href=\"http:\/\/inlac-org-co.us.stackstaging.com\/web\/contactenos\/\">Cont\u00e1ctenos<\/a><strong>\u00a0para poder entregarle una propuesta ajustada a las necesidades de su organizaci\u00f3n. <\/strong><\/h4>\n<h4><strong>Las actividades se realizar tanto de forma presencial como remota o mezclada<\/strong><\/h4>\n<h4><\/h4>\n<p>[\/vc_column_text][\/vc_column][\/vc_row]<\/p>\n","protected":false},"excerpt":{"rendered":"<p>[vc_row][vc_column][vc_column_text][\/vc_column_text][\/vc_column][\/vc_row][vc_section][vc_row][vc_column][vc_empty_space height=\u00bb50px\u00bb][\/vc_column][\/vc_row][\/vc_section][vc_row][vc_column][vc_single_image image=\u00bb693&#8243; img_size=\u00bbfull\u00bb][vc_separator][\/vc_column][vc_column][vc_column_text]Realizamos Auditor\u00edas internas y diagn\u00f3sticos para Empresas, Organizaciones y Entidades de todos los tama\u00f1os y sectores, p\u00fablicas o privadas, siendo sus aliados en la consecuci\u00f3n de sus objetivos en sistemas de gesti\u00f3n: Auditor\u00eda Interna \u2013 HSEQ ISO 9001:2015 \u2013 ISO 14001:2015 \u2013 ISO 45001:2018 Auditor\u00eda Interna de Calidad ISO 9001:2015 Auditor\u00eda Interna [&hellip;]<\/p>\n","protected":false},"author":1,"featured_media":0,"parent":0,"menu_order":0,"comment_status":"closed","ping_status":"closed","template":"page-NoTitleBar.php","meta":{"footnotes":""},"class_list":["post-1133","page","type-page","status-publish","hentry"],"yoast_head":"<!-- This site is optimized with the Yoast SEO plugin v14.6.1 - https:\/\/yoast.com\/wordpress\/plugins\/seo\/ -->\n<title>Auditor\u00edas Internas - Inlac Colombia<\/title>\n<meta name=\"robots\" content=\"index, follow\" \/>\n<meta name=\"googlebot\" content=\"index, follow, max-snippet:-1, max-image-preview:large, max-video-preview:-1\" \/>\n<meta name=\"bingbot\" content=\"index, follow, max-snippet:-1, max-image-preview:large, max-video-preview:-1\" \/>\n<link rel=\"canonical\" href=\"http:\/\/inlac-org-co.us.stackstaging.com\/web\/auditorias-internas\/\" \/>\n<meta property=\"og:locale\" content=\"es_ES\" \/>\n<meta property=\"og:type\" content=\"article\" \/>\n<meta property=\"og:title\" content=\"Auditor\u00edas Internas - Inlac Colombia\" \/>\n<meta property=\"og:description\" content=\"[vc_row][vc_column][vc_column_text][\/vc_column_text][\/vc_column][\/vc_row][vc_section][vc_row][vc_column][vc_empty_space height=\u00bb50px\u00bb][\/vc_column][\/vc_row][\/vc_section][vc_row][vc_column][vc_single_image image=\u00bb693&#8243; img_size=\u00bbfull\u00bb][vc_separator][\/vc_column][vc_column][vc_column_text]Realizamos Auditor\u00edas internas y diagn\u00f3sticos para Empresas, Organizaciones y Entidades de todos los tama\u00f1os y sectores, p\u00fablicas o privadas, siendo sus aliados en la consecuci\u00f3n de sus objetivos en sistemas de gesti\u00f3n: Auditor\u00eda Interna \u2013 HSEQ ISO 9001:2015 \u2013 ISO 14001:2015 \u2013 ISO 45001:2018 Auditor\u00eda Interna de Calidad ISO 9001:2015 Auditor\u00eda Interna [&hellip;]\" \/>\n<meta property=\"og:url\" content=\"http:\/\/inlac-org-co.us.stackstaging.com\/web\/auditorias-internas\/\" \/>\n<meta property=\"og:site_name\" content=\"Inlac Colombia\" \/>\n<meta property=\"article:modified_time\" content=\"2021-02-15T22:22:06+00:00\" \/>\n<meta name=\"twitter:card\" content=\"summary_large_image\" \/>\n<script type=\"application\/ld+json\" class=\"yoast-schema-graph\">{\"@context\":\"https:\/\/schema.org\",\"@graph\":[{\"@type\":\"WebSite\",\"@id\":\"https:\/\/www.inlac.org.co\/web\/#website\",\"url\":\"https:\/\/www.inlac.org.co\/web\/\",\"name\":\"Inlac Colombia\",\"description\":\"Expertos en Capacaitaci\\u00f3n de Calidad\",\"potentialAction\":[{\"@type\":\"SearchAction\",\"target\":\"https:\/\/www.inlac.org.co\/web\/?s={search_term_string}\",\"query-input\":\"required name=search_term_string\"}],\"inLanguage\":\"es\"},{\"@type\":\"WebPage\",\"@id\":\"http:\/\/inlac-org-co.us.stackstaging.com\/web\/auditorias-internas\/#webpage\",\"url\":\"http:\/\/inlac-org-co.us.stackstaging.com\/web\/auditorias-internas\/\",\"name\":\"Auditor\\u00edas Internas - Inlac Colombia\",\"isPartOf\":{\"@id\":\"https:\/\/www.inlac.org.co\/web\/#website\"},\"datePublished\":\"2019-02-08T12:47:03+00:00\",\"dateModified\":\"2021-02-15T22:22:06+00:00\",\"inLanguage\":\"es\",\"potentialAction\":[{\"@type\":\"ReadAction\",\"target\":[\"http:\/\/inlac-org-co.us.stackstaging.com\/web\/auditorias-internas\/\"]}]}]}<\/script>\n<!-- \/ Yoast SEO plugin. -->","_links":{"self":[{"href":"https:\/\/www.inlac.org.co\/web\/wp-json\/wp\/v2\/pages\/1133","targetHints":{"allow":["GET"]}}],"collection":[{"href":"https:\/\/www.inlac.org.co\/web\/wp-json\/wp\/v2\/pages"}],"about":[{"href":"https:\/\/www.inlac.org.co\/web\/wp-json\/wp\/v2\/types\/page"}],"author":[{"embeddable":true,"href":"https:\/\/www.inlac.org.co\/web\/wp-json\/wp\/v2\/users\/1"}],"replies":[{"embeddable":true,"href":"https:\/\/www.inlac.org.co\/web\/wp-json\/wp\/v2\/comments?post=1133"}],"version-history":[{"count":20,"href":"https:\/\/www.inlac.org.co\/web\/wp-json\/wp\/v2\/pages\/1133\/revisions"}],"predecessor-version":[{"id":1716,"href":"https:\/\/www.inlac.org.co\/web\/wp-json\/wp\/v2\/pages\/1133\/revisions\/1716"}],"wp:attachment":[{"href":"https:\/\/www.inlac.org.co\/web\/wp-json\/wp\/v2\/media?parent=1133"}],"curies":[{"name":"wp","href":"https:\/\/api.w.org\/{rel}","templated":true}]}}