{"id":1114,"date":"2019-02-06T15:01:58","date_gmt":"2019-02-06T15:01:58","guid":{"rendered":"https:\/\/www.inlac.org.co\/nueva\/quienes-somos-copy\/"},"modified":"2021-01-22T11:49:38","modified_gmt":"2021-01-22T16:49:38","slug":"quienes-somos","status":"publish","type":"page","link":"https:\/\/www.inlac.org.co\/web\/quienes-somos\/","title":{"rendered":"Quienes Somos"},"content":{"rendered":"<p>[vc_row][vc_column][\/vc_column][\/vc_row][vc_section][vc_row][vc_column]\t<div class=\"center title-section wow fadeInDown\">\r\n      <h3 class=\"lrg\">Qui\u00e9nes somos <\/h3><div class=\"separator\"><span><i><\/i><\/span> <\/div>    <\/div>\r\n    [\/vc_column][\/vc_row][\/vc_section][vc_row][vc_column][vc_separator]\t<div class=\"center title-section wow fadeInDown\">\r\n      <h3 class=\"lrg\">INLAC COLOMBIA<\/h3><div class=\"separator\"><span><i><\/i><\/span> <\/div>    <\/div>\r\n    \t<div class=\"mo-demo-item \">\r\n\t\t        \t<h3 class=\"mo-title\"><\/h3>\r\n\t\t\t<a href=\"#\"  target=\"_blank\">\r\n\t\t\t\t<div class=\"mo-thumb\"><img decoding=\"async\" src=\"https:\/\/www.inlac.org.co\/web\/wp-content\/uploads\/2017\/01\/blog6.jpg\" alt=\"Demo Item\"><\/div>\r\n\t\t\t<\/a>\r\n\t\t\t<\/div>\r\n    [vc_empty_space][vc_column_text]<\/p>\n<p style=\"text-align: justify;\">La Corporaci\u00f3n\u00a0&#8211; INSTITUTO LATINOAMERICANO DE LA CALIDAD &#8211; INLAC COLOMBIA &#8211; tiene como misi\u00f3n informar e intercambiar experiencias relacionadas con la calidad, el medio ambiente, la seguridad industrial, la salud ocupacional y la gesti\u00f3n del riesgo en pa\u00edses latinoamericanos con el apoyo en el plano internacional de pa\u00edses de la Comunidad Econ\u00f3mica Europea y otras regiones continentales.<\/p>\n<p>Nuestros objetivos son:<\/p>\n<p style=\"text-align: justify;\"><strong style=\"color: black;\"><em>INTEGRAR<\/em><\/strong><em>\u00a0<\/em>a instructores, capacitadores, auditores, consultores y especialistas Colombianos y Latinoamericanos relacionados con la gesti\u00f3n de la calidad, el ambiente, la seguridad industrial, la salud ocupacional y la gesti\u00f3n del riesgo.<\/p>\n<p style=\"text-align: justify;\"><em><br \/>\n<strong style=\"color: black;\">ACTUALIZAR\u00a0<\/strong><\/em>a organizaciones y empresas p\u00fablicas y privadas en las innovaciones y cambios de las normas referenciales de calidad, ambiente, seguridad y salud ocupacional y gesti\u00f3n del riesgo, promoviendo opiniones y sugerencias para transmitirlas a los Comit\u00e9s T\u00e9cnicos correspondientes.<\/p>\n<p style=\"text-align: justify;\"><em><br \/>\n<\/em><em><strong style=\"color: black;\">PROMOVER<\/strong>\u00a0<\/em>la participaci\u00f3n de delegados latinoamericanos de INLAC en los Comit\u00e9s T\u00e9cnicos de ISO, cumpliendo con nuestro rol de Organismo de Enlace y as\u00ed tener presencia y representaci\u00f3n en foros y eventos de car\u00e1cter mundial.<\/p>\n<p><strong style=\"color: black;\"><em>CONSOLIDAR\u00a0<\/em><\/strong>alianzas estrat\u00e9gicas con organismos nacionales, regionales, e internacionales.<\/p>\n<p style=\"text-align: justify;\">Hemos desarrollado informalmente labores desde el 2000 y fuimos formalmente creados en Noviembre de 2003 a imagen de los cap\u00edtulos de INLAC en los pa\u00edses y como organismo que articula, con el corporativo y con los dem\u00e1s cap\u00edtulos, su actuaci\u00f3n a nivel latinoamericano y frente a los Comit\u00e9s y Subcomit\u00e9s T\u00e9cnicos de la ISO en los cuales participamos.<\/p>\n<p>[\/vc_column_text][\/vc_column][vc_column][vc_images_carousel images=\u00bb1095,1096,1097,1098,1099,1515,1688&#8243; img_size=\u00bbfull\u00bb slides_per_view=\u00bb2&#8243; autoplay=\u00bbyes\u00bb wrap=\u00bbyes\u00bb css_animation=\u00bbfadeIn\u00bb title=\u00bbReconocimientos \u00ab][\/vc_column][\/vc_row][vc_row][vc_column]\t<div class=\"center title-section wow fadeInDown\">\r\n      <h3 class=\"lrg\">INLAC LATINOAMERICA<\/h3><div class=\"separator\"><span><i><\/i><\/span> <\/div>    <\/div>\r\n    \t<div class=\"mo-demo-item \">\r\n\t\t        \t<h3 class=\"mo-title\"><\/h3>\r\n\t\t\t<a href=\"#\"  target=\"_blank\">\r\n\t\t\t\t<div class=\"mo-thumb\"><img decoding=\"async\" src=\"https:\/\/www.inlac.org.co\/web\/wp-content\/uploads\/2019\/02\/nasa-53884-unsplash1500.jpg\" alt=\"Demo Item\"><\/div>\r\n\t\t\t<\/a>\r\n\t\t\t<\/div>\r\n    [vc_empty_space][vc_column_text]<\/p>\n<p style=\"text-align: justify;\">INLAC es una organizaci\u00f3n no lucrativa que naci\u00f3 en 1993 con el objetivo de intercambiar experiencias entre especialistas latinoamericanos en calidad.<\/p>\n<p style=\"text-align: justify;\">Inici\u00f3 su participaci\u00f3n en el Comit\u00e9 T\u00e9cnico ISO\/TC 176 en 1993. En 1997 el Comit\u00e9 le otorg\u00f3 el status de Organismo de Enlace (LIAISON MEMBER) Tipo \u00abA\u00bb para Latinoam\u00e9rica en la\u00a0<a href=\"http:\/\/www.inlac.org.co\/imagenes\/alianzas_dibujo.jpg\"><strong>Reuni\u00f3n\u00a0de R\u00edo de Janeiro<\/strong><\/a>, ratificado en Bucarest en el a\u00f1o 2003, Malasia 2004, Panama 2005, Corea 2006 y Helsinki 2007.<\/p>\n<p style=\"text-align: justify;\">En 2002 fue el anfitri\u00f3n de la reuni\u00f3n anual del TC-176, realizada en Acapulco, M\u00e9xico, y ha sido anfitri\u00f3n de diversos Subcomit\u00e9s para discusi\u00f3n de normas y estrategias. INLAC hace parte y ha sido anfitri\u00f3n del \u00abSTTG\u00bb Spanish Translation Task Group, encargado de la traducci\u00f3n al espa\u00f1ol de las normas ISO desarrolladas en el comit\u00e9 TC-176<\/p>\n<p style=\"text-align: justify;\">De la misma forma es (LIAISON MEMBER)Organismo de Enlace tipo A para Latinoamerica del ISO\/TC-207 a partir del 2005 otorgado en la Reuni\u00f3n Pr\u00edmaria del Comit\u00e9 ISO\/TC-207 en Madrid (Espa\u00f1a) y del \u00abSTTF\u00bb que se encarga de la traducci\u00f3n de las Normas de Gesti\u00f3n Ambiental desarrolladas por el Comit\u00e9 ISO-TC-207.<\/p>\n<p style=\"text-align: justify;\">Cuenta con Cap\u00edtulos en: M\u00e9xico, Colombia, Brasil, Venezuela, Chile y USA. Y Delegaciones en:\u00a0El Salvador, Guatemala, Cuba, Per\u00fa y Argentina.<\/p>\n<p>[\/vc_column_text][\/vc_column][\/vc_row][vc_row][vc_column][\/vc_column][\/vc_row]<\/p>\n","protected":false},"excerpt":{"rendered":"<p>[vc_row][vc_column][\/vc_column][\/vc_row][vc_section][vc_row][vc_column][\/vc_column][\/vc_row][\/vc_section][vc_row][vc_column][vc_separator][vc_empty_space][vc_column_text] La Corporaci\u00f3n\u00a0&#8211; INSTITUTO LATINOAMERICANO DE LA CALIDAD &#8211; INLAC COLOMBIA &#8211; tiene como misi\u00f3n informar e intercambiar experiencias relacionadas con la calidad, el medio ambiente, la seguridad industrial, la salud ocupacional y la gesti\u00f3n del riesgo en pa\u00edses latinoamericanos con el apoyo en el plano internacional de pa\u00edses de la Comunidad Econ\u00f3mica Europea y [&hellip;]<\/p>\n","protected":false},"author":1,"featured_media":0,"parent":0,"menu_order":0,"comment_status":"closed","ping_status":"closed","template":"page-NoTitleBar.php","meta":{"footnotes":""},"class_list":["post-1114","page","type-page","status-publish","hentry"],"yoast_head":"<!-- This site is optimized with the Yoast SEO plugin v14.6.1 - https:\/\/yoast.com\/wordpress\/plugins\/seo\/ -->\n<title>Quienes Somos - Inlac Colombia<\/title>\n<meta name=\"robots\" content=\"index, follow\" \/>\n<meta name=\"googlebot\" content=\"index, follow, max-snippet:-1, max-image-preview:large, max-video-preview:-1\" \/>\n<meta name=\"bingbot\" content=\"index, follow, max-snippet:-1, max-image-preview:large, max-video-preview:-1\" \/>\n<link rel=\"canonical\" href=\"http:\/\/inlac-org-co.us.stackstaging.com\/web\/quienes-somos\/\" \/>\n<meta property=\"og:locale\" content=\"es_ES\" \/>\n<meta property=\"og:type\" content=\"article\" \/>\n<meta property=\"og:title\" content=\"Quienes Somos - Inlac Colombia\" \/>\n<meta property=\"og:description\" content=\"[vc_row][vc_column][\/vc_column][\/vc_row][vc_section][vc_row][vc_column][\/vc_column][\/vc_row][\/vc_section][vc_row][vc_column][vc_separator][vc_empty_space][vc_column_text] La Corporaci\u00f3n\u00a0&#8211; INSTITUTO LATINOAMERICANO DE LA CALIDAD &#8211; INLAC COLOMBIA &#8211; tiene como misi\u00f3n informar e intercambiar experiencias relacionadas con la calidad, el medio ambiente, la seguridad industrial, la salud ocupacional y la gesti\u00f3n del riesgo en pa\u00edses latinoamericanos con el apoyo en el plano internacional de pa\u00edses de la Comunidad Econ\u00f3mica Europea y [&hellip;]\" \/>\n<meta property=\"og:url\" content=\"http:\/\/inlac-org-co.us.stackstaging.com\/web\/quienes-somos\/\" \/>\n<meta property=\"og:site_name\" content=\"Inlac Colombia\" \/>\n<meta property=\"article:modified_time\" content=\"2021-01-22T16:49:38+00:00\" \/>\n<meta name=\"twitter:card\" content=\"summary_large_image\" \/>\n<script type=\"application\/ld+json\" class=\"yoast-schema-graph\">{\"@context\":\"https:\/\/schema.org\",\"@graph\":[{\"@type\":\"WebSite\",\"@id\":\"https:\/\/www.inlac.org.co\/web\/#website\",\"url\":\"https:\/\/www.inlac.org.co\/web\/\",\"name\":\"Inlac Colombia\",\"description\":\"Expertos en Capacaitaci\\u00f3n de Calidad\",\"potentialAction\":[{\"@type\":\"SearchAction\",\"target\":\"https:\/\/www.inlac.org.co\/web\/?s={search_term_string}\",\"query-input\":\"required name=search_term_string\"}],\"inLanguage\":\"es\"},{\"@type\":\"WebPage\",\"@id\":\"http:\/\/inlac-org-co.us.stackstaging.com\/web\/quienes-somos\/#webpage\",\"url\":\"http:\/\/inlac-org-co.us.stackstaging.com\/web\/quienes-somos\/\",\"name\":\"Quienes Somos - Inlac Colombia\",\"isPartOf\":{\"@id\":\"https:\/\/www.inlac.org.co\/web\/#website\"},\"datePublished\":\"2019-02-06T15:01:58+00:00\",\"dateModified\":\"2021-01-22T16:49:38+00:00\",\"inLanguage\":\"es\",\"potentialAction\":[{\"@type\":\"ReadAction\",\"target\":[\"http:\/\/inlac-org-co.us.stackstaging.com\/web\/quienes-somos\/\"]}]}]}<\/script>\n<!-- \/ Yoast SEO plugin. -->","_links":{"self":[{"href":"https:\/\/www.inlac.org.co\/web\/wp-json\/wp\/v2\/pages\/1114","targetHints":{"allow":["GET"]}}],"collection":[{"href":"https:\/\/www.inlac.org.co\/web\/wp-json\/wp\/v2\/pages"}],"about":[{"href":"https:\/\/www.inlac.org.co\/web\/wp-json\/wp\/v2\/types\/page"}],"author":[{"embeddable":true,"href":"https:\/\/www.inlac.org.co\/web\/wp-json\/wp\/v2\/users\/1"}],"replies":[{"embeddable":true,"href":"https:\/\/www.inlac.org.co\/web\/wp-json\/wp\/v2\/comments?post=1114"}],"version-history":[{"count":5,"href":"https:\/\/www.inlac.org.co\/web\/wp-json\/wp\/v2\/pages\/1114\/revisions"}],"predecessor-version":[{"id":1689,"href":"https:\/\/www.inlac.org.co\/web\/wp-json\/wp\/v2\/pages\/1114\/revisions\/1689"}],"wp:attachment":[{"href":"https:\/\/www.inlac.org.co\/web\/wp-json\/wp\/v2\/media?parent=1114"}],"curies":[{"name":"wp","href":"https:\/\/api.w.org\/{rel}","templated":true}]}}